{"id":1161,"date":"2026-03-07T09:46:15","date_gmt":"2026-03-07T08:46:15","guid":{"rendered":"https:\/\/dreambistro.sk\/?page_id=1161"},"modified":"2026-03-07T14:52:33","modified_gmt":"2026-03-07T13:52:33","slug":"domov","status":"publish","type":"page","link":"https:\/\/dreambistro.sk\/","title":{"rendered":"Domov"},"content":{"rendered":"\t\t<div data-elementor-type=\"wp-page\" data-elementor-id=\"1161\" class=\"elementor elementor-1161\" data-elementor-post-type=\"page\">\n\t\t\t\t\t\t<section class=\"elementor-section elementor-top-section elementor-element elementor-element-220b1fe elementor-section-height-min-height elementor-section-boxed elementor-section-height-default elementor-section-items-middle\" data-id=\"220b1fe\" data-element_type=\"section\" data-e-type=\"section\" data-settings=\"{&quot;background_background&quot;:&quot;classic&quot;}\">\n\t\t\t\t\t\t<div class=\"elementor-container elementor-column-gap-default\">\n\t\t\t\t\t<div class=\"elementor-column elementor-col-100 elementor-top-column elementor-element elementor-element-c52fb2a\" data-id=\"c52fb2a\" data-element_type=\"column\" data-e-type=\"column\">\n\t\t\t<div class=\"elementor-widget-wrap elementor-element-populated\">\n\t\t\t\t\t\t<div class=\"elementor-element elementor-element-b425554 elementor-invisible elementor-widget elementor-widget-heading\" data-id=\"b425554\" data-element_type=\"widget\" data-e-type=\"widget\" data-settings=\"{&quot;_animation&quot;:&quot;bounceIn&quot;}\" data-widget_type=\"heading.default\">\n\t\t\t\t<div class=\"elementor-widget-container\">\n\t\t\t\t\t<h1 class=\"elementor-heading-title elementor-size-default\">Vitajte v Dream Bistro &amp; Pub<\/h1>\t\t\t\t<\/div>\n\t\t\t\t<\/div>\n\t\t\t\t<div class=\"elementor-element elementor-element-5b60d45 animated-fast elementor-invisible elementor-widget elementor-widget-heading\" data-id=\"5b60d45\" data-element_type=\"widget\" data-e-type=\"widget\" data-settings=\"{&quot;_animation&quot;:&quot;zoomIn&quot;}\" data-widget_type=\"heading.default\">\n\t\t\t\t<div class=\"elementor-widget-container\">\n\t\t\t\t\t<h3 class=\"elementor-heading-title elementor-size-default\">\u201eChu\u0165, atmosf\u00e9ra a z\u00e1\u017eitok na jednom mieste.\u201c<\/h3>\t\t\t\t<\/div>\n\t\t\t\t<\/div>\n\t\t\t\t\t<\/div>\n\t\t<\/div>\n\t\t\t\t\t<\/div>\n\t\t<\/section>\n\t\t\t\t<section class=\"elementor-section elementor-top-section elementor-element elementor-element-70bd190 elementor-section-boxed elementor-section-height-default elementor-section-height-default\" data-id=\"70bd190\" data-element_type=\"section\" data-e-type=\"section\">\n\t\t\t\t\t\t<div class=\"elementor-container elementor-column-gap-default\">\n\t\t\t\t\t<div class=\"elementor-column elementor-col-100 elementor-top-column elementor-element elementor-element-f8b5b9b\" data-id=\"f8b5b9b\" data-element_type=\"column\" data-e-type=\"column\">\n\t\t\t<div class=\"elementor-widget-wrap elementor-element-populated\">\n\t\t\t\t\t\t<div class=\"elementor-element elementor-element-39bcd29 elementor-widget elementor-widget-heading\" data-id=\"39bcd29\" data-element_type=\"widget\" data-e-type=\"widget\" data-widget_type=\"heading.default\">\n\t\t\t\t<div class=\"elementor-widget-container\">\n\t\t\t\t\t<h2 class=\"elementor-heading-title elementor-size-default\">O n\u00e1s<\/h2>\t\t\t\t<\/div>\n\t\t\t\t<\/div>\n\t\t\t\t<div class=\"elementor-element elementor-element-b9b807f elementor-widget elementor-widget-text-editor\" data-id=\"b9b807f\" data-element_type=\"widget\" data-e-type=\"widget\" data-widget_type=\"text-editor.default\">\n\t\t\t\t<div class=\"elementor-widget-container\">\n\t\t\t\t\t\t\t\t\t<p>Vitajte na str\u00e1nke Dream Bistro &amp; Pub, ktor\u00e9 sa nach\u00e1dza v Novom Meste nad V\u00e1hom. Na\u0161\u00edm cie\u013eom je, aby ste sa u n\u00e1s c\u00edtili ako doma a vychutnali si na\u0161e poctiv\u00e9 dom\u00e1ce jedl\u00e1 pripravovan\u00e9 v\u017edy z \u010derstv\u00fdch surov\u00edn. Ka\u017ed\u00e9 r\u00e1no m\u00f4\u017eete za\u010da\u0165 pr\u00edjemn\u00fdmi ra\u0148ajkami a \u0161\u00e1lkou dobrej k\u00e1vy. Od pondelka do piatka pre v\u00e1s pripravujeme denn\u00e9 menu a po\u010das cel\u00e9ho d\u0148a si m\u00f4\u017eete vybra\u0165 z na\u0161ej \u00c0 la Carte ponuky, pripravovanej s l\u00e1skou pre v\u00e1s. V na\u0161ej ponuke n\u00e1jdete mno\u017estvo chutn\u00fdch jed\u00e1l, v\u00fdborn\u00fa k\u00e1vu a dobr\u00e9 \u010dapovan\u00e9 pivo, ktor\u00e9 v\u00e1m radi na\u010dapujeme. Na\u0161a re\u0161taur\u00e1cia m\u00e1 kapacitu pribli\u017ene 60 miest a pon\u00faka mo\u017enos\u0165 usporiadania firemn\u00fdch ve\u010dierkov, rodinn\u00fdch osl\u00e1v, sm\u00fato\u010dn\u00fdch poseden\u00ed \u010di r\u00f4znych s\u00fakromn\u00fdch akci\u00ed. Taktie\u017e u n\u00e1s n\u00e1jdete faj\u010diarsky sal\u00f3nik a po\u010das letn\u00fdch mesiacov<br \/>aj pr\u00edjemn\u00fa letn\u00fa terasu.<\/p>\t\t\t\t\t\t\t\t<\/div>\n\t\t\t\t<\/div>\n\t\t\t\t\t<\/div>\n\t\t<\/div>\n\t\t\t\t\t<\/div>\n\t\t<\/section>\n\t\t\t\t<section class=\"elementor-section elementor-top-section elementor-element elementor-element-a9ee7b4 elementor-section-height-min-height elementor-section-boxed elementor-section-height-default elementor-section-items-middle\" data-id=\"a9ee7b4\" data-element_type=\"section\" data-e-type=\"section\">\n\t\t\t\t\t\t<div class=\"elementor-container elementor-column-gap-default\">\n\t\t\t\t\t<div class=\"elementor-column elementor-col-50 elementor-top-column elementor-element elementor-element-637aef2\" data-id=\"637aef2\" data-element_type=\"column\" data-e-type=\"column\">\n\t\t\t<div class=\"elementor-widget-wrap elementor-element-populated\">\n\t\t\t\t\t\t<div class=\"elementor-element elementor-element-16261ab animated-slow elementor-widget elementor-widget-heading\" data-id=\"16261ab\" data-element_type=\"widget\" data-e-type=\"widget\" data-settings=\"{&quot;_animation&quot;:&quot;none&quot;}\" data-widget_type=\"heading.default\">\n\t\t\t\t<div class=\"elementor-widget-container\">\n\t\t\t\t\t<h1 class=\"elementor-heading-title elementor-size-default\">Za\u017eite chu\u0165 poctivej kuchyne<\/h1>\t\t\t\t<\/div>\n\t\t\t\t<\/div>\n\t\t\t\t<div class=\"elementor-element elementor-element-e9a84bb elementor-widget elementor-widget-text-editor\" data-id=\"e9a84bb\" data-element_type=\"widget\" data-e-type=\"widget\" data-widget_type=\"text-editor.default\">\n\t\t\t\t<div class=\"elementor-widget-container\">\n\t\t\t\t\t\t\t\t\t<p>Kde sa dobr\u00e9 jedlo stret\u00e1va s pr\u00edjemnou atmosf\u00e9rou a chv\u00ed\u013eami pohody.<\/p>\t\t\t\t\t\t\t\t<\/div>\n\t\t\t\t<\/div>\n\t\t\t\t<div class=\"elementor-element elementor-element-0040043 elementor-widget elementor-widget-shortcode\" data-id=\"0040043\" data-element_type=\"widget\" data-e-type=\"widget\" data-widget_type=\"shortcode.default\">\n\t\t\t\t<div class=\"elementor-widget-container\">\n\t\t\t\t\t\t\t<div class=\"elementor-shortcode\"><style>\n.den-menu-btn{\ndisplay:block;\nwidth:fit-content;\nmargin:10px auto;\npadding:12px 25px;\nbackground:#e3c38a;\ncolor:#000;\ntext-decoration:none;\nborder-radius:5px;\nfont-weight:600;\nfont-family:'Poppins',sans-serif;\ntext-align:center;\ntransition:0.3s;\n}\n\n.den-menu-btn:hover{\nbackground:#d6b375;\n}\n<\/style>\n\n<a href=\"https:\/\/dreambistro.sk\/?page_id=1164\" class=\"den-menu-btn\">Denn\u00e9 menu<\/a><\/div>\n\t\t\t\t\t\t<\/div>\n\t\t\t\t<\/div>\n\t\t\t\t\t<\/div>\n\t\t<\/div>\n\t\t\t\t<div class=\"elementor-column elementor-col-50 elementor-top-column elementor-element elementor-element-74092d2\" data-id=\"74092d2\" data-element_type=\"column\" data-e-type=\"column\">\n\t\t\t<div class=\"elementor-widget-wrap elementor-element-populated\">\n\t\t\t\t\t\t<div class=\"elementor-element elementor-element-ff6b162 elementor-widget elementor-widget-gallery\" data-id=\"ff6b162\" data-element_type=\"widget\" data-e-type=\"widget\" data-settings=\"{&quot;columns&quot;:2,&quot;lazyload&quot;:&quot;yes&quot;,&quot;gallery_layout&quot;:&quot;grid&quot;,&quot;columns_tablet&quot;:2,&quot;columns_mobile&quot;:1,&quot;gap&quot;:{&quot;unit&quot;:&quot;px&quot;,&quot;size&quot;:10,&quot;sizes&quot;:[]},&quot;gap_tablet&quot;:{&quot;unit&quot;:&quot;px&quot;,&quot;size&quot;:10,&quot;sizes&quot;:[]},&quot;gap_mobile&quot;:{&quot;unit&quot;:&quot;px&quot;,&quot;size&quot;:10,&quot;sizes&quot;:[]},&quot;link_to&quot;:&quot;file&quot;,&quot;aspect_ratio&quot;:&quot;3:2&quot;,&quot;overlay_background&quot;:&quot;yes&quot;,&quot;content_hover_animation&quot;:&quot;fade-in&quot;}\" data-widget_type=\"gallery.default\">\n\t\t\t\t<div class=\"elementor-widget-container\">\n\t\t\t\t\t\t\t<div class=\"elementor-gallery__container\">\n\t\t\t\t\t\t\t<a class=\"e-gallery-item elementor-gallery-item elementor-animated-content\" href=\"https:\/\/dreambistro.sk\/wp-content\/uploads\/2026\/03\/WhatsApp-Image-2026-02-28-at-07.01.18.jpeg\" data-elementor-open-lightbox=\"yes\" data-elementor-lightbox-slideshow=\"ff6b162\" data-elementor-lightbox-title=\"WhatsApp Image 2026-02-28 at 07.01.18\" data-e-action-hash=\"#elementor-action%3Aaction%3Dlightbox%26settings%3DeyJpZCI6MTMwOCwidXJsIjoiaHR0cHM6XC9cL2RyZWFtYmlzdHJvLnNrXC93cC1jb250ZW50XC91cGxvYWRzXC8yMDI2XC8wM1wvV2hhdHNBcHAtSW1hZ2UtMjAyNi0wMi0yOC1hdC0wNy4wMS4xOC5qcGVnIiwic2xpZGVzaG93IjoiZmY2YjE2MiJ9\">\n\t\t\t\t\t<div class=\"e-gallery-image elementor-gallery-item__image\" data-thumbnail=\"https:\/\/dreambistro.sk\/wp-content\/uploads\/2026\/03\/WhatsApp-Image-2026-02-28-at-07.01.18-471x1024.jpeg\" data-width=\"471\" data-height=\"1024\" aria-label=\"\" role=\"img\" ><\/div>\n\t\t\t\t\t\t\t\t\t\t\t<div class=\"elementor-gallery-item__overlay\"><\/div>\n\t\t\t\t\t\t\t\t\t\t\t\t\t\t<\/a>\n\t\t\t\t\t\t\t<a class=\"e-gallery-item elementor-gallery-item elementor-animated-content\" href=\"https:\/\/dreambistro.sk\/wp-content\/uploads\/2026\/03\/WhatsApp-Image-2026-02-28-at-06.59.42.jpeg\" data-elementor-open-lightbox=\"yes\" data-elementor-lightbox-slideshow=\"ff6b162\" data-elementor-lightbox-title=\"WhatsApp Image 2026-02-28 at 06.59.42\" data-e-action-hash=\"#elementor-action%3Aaction%3Dlightbox%26settings%3DeyJpZCI6MTMwMiwidXJsIjoiaHR0cHM6XC9cL2RyZWFtYmlzdHJvLnNrXC93cC1jb250ZW50XC91cGxvYWRzXC8yMDI2XC8wM1wvV2hhdHNBcHAtSW1hZ2UtMjAyNi0wMi0yOC1hdC0wNi41OS40Mi5qcGVnIiwic2xpZGVzaG93IjoiZmY2YjE2MiJ9\">\n\t\t\t\t\t<div class=\"e-gallery-image elementor-gallery-item__image\" data-thumbnail=\"https:\/\/dreambistro.sk\/wp-content\/uploads\/2026\/03\/WhatsApp-Image-2026-02-28-at-06.59.42-768x1024.jpeg\" data-width=\"768\" data-height=\"1024\" aria-label=\"\" role=\"img\" ><\/div>\n\t\t\t\t\t\t\t\t\t\t\t<div class=\"elementor-gallery-item__overlay\"><\/div>\n\t\t\t\t\t\t\t\t\t\t\t\t\t\t<\/a>\n\t\t\t\t\t\t\t<a class=\"e-gallery-item elementor-gallery-item elementor-animated-content\" href=\"https:\/\/dreambistro.sk\/wp-content\/uploads\/2026\/03\/WhatsApp-Image-2026-02-28-at-06.58.37-1.jpeg\" data-elementor-open-lightbox=\"yes\" data-elementor-lightbox-slideshow=\"ff6b162\" data-elementor-lightbox-title=\"WhatsApp Image 2026-02-28 at 06.58.37\" data-e-action-hash=\"#elementor-action%3Aaction%3Dlightbox%26settings%3DeyJpZCI6MTMwMSwidXJsIjoiaHR0cHM6XC9cL2RyZWFtYmlzdHJvLnNrXC93cC1jb250ZW50XC91cGxvYWRzXC8yMDI2XC8wM1wvV2hhdHNBcHAtSW1hZ2UtMjAyNi0wMi0yOC1hdC0wNi41OC4zNy0xLmpwZWciLCJzbGlkZXNob3ciOiJmZjZiMTYyIn0%3D\">\n\t\t\t\t\t<div class=\"e-gallery-image elementor-gallery-item__image\" data-thumbnail=\"https:\/\/dreambistro.sk\/wp-content\/uploads\/2026\/03\/WhatsApp-Image-2026-02-28-at-06.58.37-1-1024x768.jpeg\" data-width=\"1024\" data-height=\"768\" aria-label=\"\" role=\"img\" ><\/div>\n\t\t\t\t\t\t\t\t\t\t\t<div class=\"elementor-gallery-item__overlay\"><\/div>\n\t\t\t\t\t\t\t\t\t\t\t\t\t\t<\/a>\n\t\t\t\t\t\t\t<a class=\"e-gallery-item elementor-gallery-item elementor-animated-content\" href=\"https:\/\/dreambistro.sk\/wp-content\/uploads\/2026\/03\/WhatsApp-Image-2026-02-28-at-06.57.35.jpeg\" data-elementor-open-lightbox=\"yes\" data-elementor-lightbox-slideshow=\"ff6b162\" data-elementor-lightbox-title=\"WhatsApp Image 2026-02-28 at 06.57.35\" data-e-action-hash=\"#elementor-action%3Aaction%3Dlightbox%26settings%3DeyJpZCI6MTIxNiwidXJsIjoiaHR0cHM6XC9cL2RyZWFtYmlzdHJvLnNrXC93cC1jb250ZW50XC91cGxvYWRzXC8yMDI2XC8wM1wvV2hhdHNBcHAtSW1hZ2UtMjAyNi0wMi0yOC1hdC0wNi41Ny4zNS5qcGVnIiwic2xpZGVzaG93IjoiZmY2YjE2MiJ9\">\n\t\t\t\t\t<div class=\"e-gallery-image elementor-gallery-item__image\" data-thumbnail=\"https:\/\/dreambistro.sk\/wp-content\/uploads\/2026\/03\/WhatsApp-Image-2026-02-28-at-06.57.35-768x1024.jpeg\" data-width=\"768\" data-height=\"1024\" aria-label=\"\" role=\"img\" ><\/div>\n\t\t\t\t\t\t\t\t\t\t\t<div class=\"elementor-gallery-item__overlay\"><\/div>\n\t\t\t\t\t\t\t\t\t\t\t\t\t\t<\/a>\n\t\t\t\t\t<\/div>\n\t\t\t\t\t<\/div>\n\t\t\t\t<\/div>\n\t\t\t\t\t<\/div>\n\t\t<\/div>\n\t\t\t\t\t<\/div>\n\t\t<\/section>\n\t\t\t\t<section class=\"elementor-section elementor-top-section elementor-element elementor-element-7742cef elementor-section-height-min-height elementor-section-boxed elementor-section-height-default elementor-section-items-middle\" data-id=\"7742cef\" data-element_type=\"section\" data-e-type=\"section\" data-settings=\"{&quot;background_background&quot;:&quot;classic&quot;}\">\n\t\t\t\t\t\t\t<div class=\"elementor-background-overlay\"><\/div>\n\t\t\t\t\t\t\t<div class=\"elementor-container elementor-column-gap-default\">\n\t\t\t\t\t<div class=\"elementor-column elementor-col-100 elementor-top-column elementor-element elementor-element-34ec619\" data-id=\"34ec619\" data-element_type=\"column\" data-e-type=\"column\">\n\t\t\t<div class=\"elementor-widget-wrap elementor-element-populated\">\n\t\t\t\t\t\t<div class=\"elementor-element elementor-element-34652a8 elementor-widget elementor-widget-heading\" data-id=\"34652a8\" data-element_type=\"widget\" data-e-type=\"widget\" data-widget_type=\"heading.default\">\n\t\t\t\t<div class=\"elementor-widget-container\">\n\t\t\t\t\t<h2 class=\"elementor-heading-title elementor-size-default\">Perfektn\u00e1 vo\u013eba na oslavy, firemn\u00e9 akcie alebo stretnutia s priate\u013emi. Bohat\u00e1 porcia chut\u00ed, ktor\u00fa si vychutn\u00e1 ka\u017ed\u00fd.<\/h2>\t\t\t\t<\/div>\n\t\t\t\t<\/div>\n\t\t\t\t<div class=\"elementor-element elementor-element-929d44c elementor-widget elementor-widget-shortcode\" data-id=\"929d44c\" data-element_type=\"widget\" data-e-type=\"widget\" data-widget_type=\"shortcode.default\">\n\t\t\t\t<div class=\"elementor-widget-container\">\n\t\t\t\t\t\t\t<div class=\"elementor-shortcode\"><style>\n.party-btn{\ndisplay:block;\nwidth:fit-content;\nmargin:10px auto;\npadding:12px 25px;\nbackground:#e3c38a;\ncolor:#000;\ntext-decoration:none;\nborder-radius:5px;\nfont-weight:600;\nfont-family:'Poppins',sans-serif;\ntext-align:center;\n}\n\n.party-btn:hover{\nbackground:#d6b375;\n}\n<\/style>\n\n<a href=\"https:\/\/dreambistro.sk\/?page_id=1174\" class=\"party-btn\">Party koryt\u00e1<\/a><\/div>\n\t\t\t\t\t\t<\/div>\n\t\t\t\t<\/div>\n\t\t\t\t\t<\/div>\n\t\t<\/div>\n\t\t\t\t\t<\/div>\n\t\t<\/section>\n\t\t\t\t<section class=\"elementor-section elementor-top-section elementor-element elementor-element-4c0b3d5 elementor-section-height-min-height elementor-section-boxed elementor-section-height-default elementor-section-items-middle\" data-id=\"4c0b3d5\" data-element_type=\"section\" data-e-type=\"section\">\n\t\t\t\t\t\t<div class=\"elementor-container elementor-column-gap-default\">\n\t\t\t\t\t<div class=\"elementor-column elementor-col-50 elementor-top-column elementor-element elementor-element-c858e4d\" data-id=\"c858e4d\" data-element_type=\"column\" data-e-type=\"column\">\n\t\t\t<div class=\"elementor-widget-wrap elementor-element-populated\">\n\t\t\t\t\t\t<div class=\"elementor-element elementor-element-4ee72e9 elementor-widget elementor-widget-gallery\" data-id=\"4ee72e9\" data-element_type=\"widget\" data-e-type=\"widget\" data-settings=\"{&quot;columns&quot;:2,&quot;lazyload&quot;:&quot;yes&quot;,&quot;gallery_layout&quot;:&quot;grid&quot;,&quot;columns_tablet&quot;:2,&quot;columns_mobile&quot;:1,&quot;gap&quot;:{&quot;unit&quot;:&quot;px&quot;,&quot;size&quot;:10,&quot;sizes&quot;:[]},&quot;gap_tablet&quot;:{&quot;unit&quot;:&quot;px&quot;,&quot;size&quot;:10,&quot;sizes&quot;:[]},&quot;gap_mobile&quot;:{&quot;unit&quot;:&quot;px&quot;,&quot;size&quot;:10,&quot;sizes&quot;:[]},&quot;link_to&quot;:&quot;file&quot;,&quot;aspect_ratio&quot;:&quot;3:2&quot;,&quot;overlay_background&quot;:&quot;yes&quot;,&quot;content_hover_animation&quot;:&quot;fade-in&quot;}\" data-widget_type=\"gallery.default\">\n\t\t\t\t<div class=\"elementor-widget-container\">\n\t\t\t\t\t\t\t<div class=\"elementor-gallery__container\">\n\t\t\t\t\t\t\t<a class=\"e-gallery-item elementor-gallery-item elementor-animated-content\" href=\"https:\/\/dreambistro.sk\/wp-content\/uploads\/2026\/03\/WhatsApp-Image-2026-02-28-at-09.22.33-6.jpeg\" data-elementor-open-lightbox=\"yes\" data-elementor-lightbox-slideshow=\"4ee72e9\" data-elementor-lightbox-title=\"WhatsApp Image 2026-02-28 at 09.22.33 (6)\" data-e-action-hash=\"#elementor-action%3Aaction%3Dlightbox%26settings%3DeyJpZCI6MTI1MiwidXJsIjoiaHR0cHM6XC9cL2RyZWFtYmlzdHJvLnNrXC93cC1jb250ZW50XC91cGxvYWRzXC8yMDI2XC8wM1wvV2hhdHNBcHAtSW1hZ2UtMjAyNi0wMi0yOC1hdC0wOS4yMi4zMy02LmpwZWciLCJzbGlkZXNob3ciOiI0ZWU3MmU5In0%3D\">\n\t\t\t\t\t<div class=\"e-gallery-image elementor-gallery-item__image\" data-thumbnail=\"https:\/\/dreambistro.sk\/wp-content\/uploads\/2026\/03\/WhatsApp-Image-2026-02-28-at-09.22.33-6-768x1024.jpeg\" data-width=\"768\" data-height=\"1024\" aria-label=\"\" role=\"img\" ><\/div>\n\t\t\t\t\t\t\t\t\t\t\t<div class=\"elementor-gallery-item__overlay\"><\/div>\n\t\t\t\t\t\t\t\t\t\t\t\t\t\t<\/a>\n\t\t\t\t\t\t\t<a class=\"e-gallery-item elementor-gallery-item elementor-animated-content\" href=\"https:\/\/dreambistro.sk\/wp-content\/uploads\/2026\/03\/WhatsApp-Image-2026-02-28-at-09.22.33-5.jpeg\" data-elementor-open-lightbox=\"yes\" data-elementor-lightbox-slideshow=\"4ee72e9\" data-elementor-lightbox-title=\"WhatsApp Image 2026-02-28 at 09.22.33 (5)\" data-e-action-hash=\"#elementor-action%3Aaction%3Dlightbox%26settings%3DeyJpZCI6MTI1MSwidXJsIjoiaHR0cHM6XC9cL2RyZWFtYmlzdHJvLnNrXC93cC1jb250ZW50XC91cGxvYWRzXC8yMDI2XC8wM1wvV2hhdHNBcHAtSW1hZ2UtMjAyNi0wMi0yOC1hdC0wOS4yMi4zMy01LmpwZWciLCJzbGlkZXNob3ciOiI0ZWU3MmU5In0%3D\">\n\t\t\t\t\t<div class=\"e-gallery-image elementor-gallery-item__image\" data-thumbnail=\"https:\/\/dreambistro.sk\/wp-content\/uploads\/2026\/03\/WhatsApp-Image-2026-02-28-at-09.22.33-5-768x1024.jpeg\" data-width=\"768\" data-height=\"1024\" aria-label=\"\" role=\"img\" ><\/div>\n\t\t\t\t\t\t\t\t\t\t\t<div class=\"elementor-gallery-item__overlay\"><\/div>\n\t\t\t\t\t\t\t\t\t\t\t\t\t\t<\/a>\n\t\t\t\t\t\t\t<a class=\"e-gallery-item elementor-gallery-item elementor-animated-content\" href=\"https:\/\/dreambistro.sk\/wp-content\/uploads\/2026\/03\/WhatsApp-Image-2026-02-28-at-09.22.56.jpeg\" data-elementor-open-lightbox=\"yes\" data-elementor-lightbox-slideshow=\"4ee72e9\" data-elementor-lightbox-title=\"WhatsApp Image 2026-02-28 at 09.22.56\" data-e-action-hash=\"#elementor-action%3Aaction%3Dlightbox%26settings%3DeyJpZCI6MTI1MCwidXJsIjoiaHR0cHM6XC9cL2RyZWFtYmlzdHJvLnNrXC93cC1jb250ZW50XC91cGxvYWRzXC8yMDI2XC8wM1wvV2hhdHNBcHAtSW1hZ2UtMjAyNi0wMi0yOC1hdC0wOS4yMi41Ni5qcGVnIiwic2xpZGVzaG93IjoiNGVlNzJlOSJ9\">\n\t\t\t\t\t<div class=\"e-gallery-image elementor-gallery-item__image\" data-thumbnail=\"https:\/\/dreambistro.sk\/wp-content\/uploads\/2026\/03\/WhatsApp-Image-2026-02-28-at-09.22.56-768x1024.jpeg\" data-width=\"768\" data-height=\"1024\" aria-label=\"\" role=\"img\" ><\/div>\n\t\t\t\t\t\t\t\t\t\t\t<div class=\"elementor-gallery-item__overlay\"><\/div>\n\t\t\t\t\t\t\t\t\t\t\t\t\t\t<\/a>\n\t\t\t\t\t\t\t<a class=\"e-gallery-item elementor-gallery-item elementor-animated-content\" href=\"https:\/\/dreambistro.sk\/wp-content\/uploads\/2026\/03\/WhatsApp-Image-2026-02-28-at-09.22.33-7.jpeg\" data-elementor-open-lightbox=\"yes\" data-elementor-lightbox-slideshow=\"4ee72e9\" data-elementor-lightbox-title=\"WhatsApp Image 2026-02-28 at 09.22.33 (7)\" data-e-action-hash=\"#elementor-action%3Aaction%3Dlightbox%26settings%3DeyJpZCI6MTI0NiwidXJsIjoiaHR0cHM6XC9cL2RyZWFtYmlzdHJvLnNrXC93cC1jb250ZW50XC91cGxvYWRzXC8yMDI2XC8wM1wvV2hhdHNBcHAtSW1hZ2UtMjAyNi0wMi0yOC1hdC0wOS4yMi4zMy03LmpwZWciLCJzbGlkZXNob3ciOiI0ZWU3MmU5In0%3D\">\n\t\t\t\t\t<div class=\"e-gallery-image elementor-gallery-item__image\" data-thumbnail=\"https:\/\/dreambistro.sk\/wp-content\/uploads\/2026\/03\/WhatsApp-Image-2026-02-28-at-09.22.33-7-768x1024.jpeg\" data-width=\"768\" data-height=\"1024\" aria-label=\"\" role=\"img\" ><\/div>\n\t\t\t\t\t\t\t\t\t\t\t<div class=\"elementor-gallery-item__overlay\"><\/div>\n\t\t\t\t\t\t\t\t\t\t\t\t\t\t<\/a>\n\t\t\t\t\t<\/div>\n\t\t\t\t\t<\/div>\n\t\t\t\t<\/div>\n\t\t\t\t\t<\/div>\n\t\t<\/div>\n\t\t\t\t<div class=\"elementor-column elementor-col-50 elementor-top-column elementor-element elementor-element-5ec66dc\" data-id=\"5ec66dc\" data-element_type=\"column\" data-e-type=\"column\">\n\t\t\t<div class=\"elementor-widget-wrap elementor-element-populated\">\n\t\t\t\t\t\t<div class=\"elementor-element elementor-element-8ae64b0 animated-slow elementor-widget elementor-widget-heading\" data-id=\"8ae64b0\" data-element_type=\"widget\" data-e-type=\"widget\" data-settings=\"{&quot;_animation&quot;:&quot;none&quot;}\" data-widget_type=\"heading.default\">\n\t\t\t\t<div class=\"elementor-widget-container\">\n\t\t\t\t\t<h1 class=\"elementor-heading-title elementor-size-default\">S\u00fakromn\u00e9 akcie<\/h1>\t\t\t\t<\/div>\n\t\t\t\t<\/div>\n\t\t\t\t<div class=\"elementor-element elementor-element-3266820 elementor-widget elementor-widget-text-editor\" data-id=\"3266820\" data-element_type=\"widget\" data-e-type=\"widget\" data-widget_type=\"text-editor.default\">\n\t\t\t\t<div class=\"elementor-widget-container\">\n\t\t\t\t\t\t\t\t\t<p>Dream Bistro &amp; Pub je ide\u00e1lnym miestom pre va\u0161e v\u00fdnimo\u010dn\u00e9 chv\u00edle.<br \/>Radi pre v\u00e1s priprav\u00edme rodinn\u00e9 oslavy, svadby, firemn\u00e9 stretnutia<br \/>alebo in\u00e9 spolo\u010densk\u00e9 podujatia v pr\u00edjemnej atmosf\u00e9re a s v\u00fdborn\u00fdm jedlom.<\/p>\t\t\t\t\t\t\t\t<\/div>\n\t\t\t\t<\/div>\n\t\t\t\t<div class=\"elementor-element elementor-element-a7574df elementor-widget elementor-widget-shortcode\" data-id=\"a7574df\" data-element_type=\"widget\" data-e-type=\"widget\" data-widget_type=\"shortcode.default\">\n\t\t\t\t<div class=\"elementor-widget-container\">\n\t\t\t\t\t\t\t<div class=\"elementor-shortcode\"><style>\n.den-menu-btn{\ndisplay:block;\nwidth:fit-content;\nmargin:10px auto;\npadding:12px 25px;\nbackground:#e3c38a;\ncolor:#000;\ntext-decoration:none;\nborder-radius:5px;\nfont-weight:600;\nfont-family:'Poppins',sans-serif;\ntext-align:center;\ntransition:0.3s;\n}\n\n.den-menu-btn:hover{\nbackground:#d6b375;\n}\n<\/style>\n\n<a href=\"https:\/\/dreambistro.sk\/?page_id=1171\" class=\"den-menu-btn\">Viac inform\u00e1ci\u00ed<\/a><\/div>\n\t\t\t\t\t\t<\/div>\n\t\t\t\t<\/div>\n\t\t\t\t\t<\/div>\n\t\t<\/div>\n\t\t\t\t\t<\/div>\n\t\t<\/section>\n\t\t\t\t<\/div>\n\t\t","protected":false},"excerpt":{"rendered":"<p>Vitajte v Dream Bistro &amp; Pub \u201eChu\u0165, atmosf\u00e9ra a z\u00e1\u017eitok na jednom mieste.\u201c O n\u00e1s Vitajte na str\u00e1nke Dream Bistro &amp; Pub, ktor\u00e9 sa nach\u00e1dza v Novom Meste nad V\u00e1hom. Na\u0161\u00edm cie\u013eom je, aby ste sa u n\u00e1s c\u00edtili ako doma a vychutnali si na\u0161e poctiv\u00e9 dom\u00e1ce jedl\u00e1 pripravovan\u00e9 v\u017edy z \u010derstv\u00fdch surov\u00edn. Ka\u017ed\u00e9 r\u00e1no [&hellip;]<\/p>\n","protected":false},"author":1,"featured_media":0,"parent":0,"menu_order":0,"comment_status":"closed","ping_status":"closed","template":"elementor_canvas","meta":{"ocean_post_layout":"","ocean_both_sidebars_style":"","ocean_both_sidebars_content_width":0,"ocean_both_sidebars_sidebars_width":0,"ocean_sidebar":"","ocean_second_sidebar":"","ocean_disable_margins":"enable","ocean_add_body_class":"","ocean_shortcode_before_top_bar":"","ocean_shortcode_after_top_bar":"","ocean_shortcode_before_header":"","ocean_shortcode_after_header":"","ocean_has_shortcode":"","ocean_shortcode_after_title":"","ocean_shortcode_before_footer_widgets":"","ocean_shortcode_after_footer_widgets":"","ocean_shortcode_before_footer_bottom":"","ocean_shortcode_after_footer_bottom":"","ocean_display_top_bar":"default","ocean_display_header":"default","ocean_header_style":"","ocean_center_header_left_menu":"","ocean_custom_header_template":"","ocean_custom_logo":0,"ocean_custom_retina_logo":0,"ocean_custom_logo_max_width":0,"ocean_custom_logo_tablet_max_width":0,"ocean_custom_logo_mobile_max_width":0,"ocean_custom_logo_max_height":0,"ocean_custom_logo_tablet_max_height":0,"ocean_custom_logo_mobile_max_height":0,"ocean_header_custom_menu":"","ocean_menu_typo_font_family":"","ocean_menu_typo_font_subset":"","ocean_menu_typo_font_size":0,"ocean_menu_typo_font_size_tablet":0,"ocean_menu_typo_font_size_mobile":0,"ocean_menu_typo_font_size_unit":"px","ocean_menu_typo_font_weight":"","ocean_menu_typo_font_weight_tablet":"","ocean_menu_typo_font_weight_mobile":"","ocean_menu_typo_transform":"","ocean_menu_typo_transform_tablet":"","ocean_menu_typo_transform_mobile":"","ocean_menu_typo_line_height":0,"ocean_menu_typo_line_height_tablet":0,"ocean_menu_typo_line_height_mobile":0,"ocean_menu_typo_line_height_unit":"","ocean_menu_typo_spacing":0,"ocean_menu_typo_spacing_tablet":0,"ocean_menu_typo_spacing_mobile":0,"ocean_menu_typo_spacing_unit":"","ocean_menu_link_color":"","ocean_menu_link_color_hover":"","ocean_menu_link_color_active":"","ocean_menu_link_background":"","ocean_menu_link_hover_background":"","ocean_menu_link_active_background":"","ocean_menu_social_links_bg":"","ocean_menu_social_hover_links_bg":"","ocean_menu_social_links_color":"","ocean_menu_social_hover_links_color":"","ocean_disable_title":"default","ocean_disable_heading":"default","ocean_post_title":"","ocean_post_subheading":"","ocean_post_title_style":"","ocean_post_title_background_color":"","ocean_post_title_background":0,"ocean_post_title_bg_image_position":"","ocean_post_title_bg_image_attachment":"","ocean_post_title_bg_image_repeat":"","ocean_post_title_bg_image_size":"","ocean_post_title_height":0,"ocean_post_title_bg_overlay":0.5,"ocean_post_title_bg_overlay_color":"","ocean_disable_breadcrumbs":"default","ocean_breadcrumbs_color":"","ocean_breadcrumbs_separator_color":"","ocean_breadcrumbs_links_color":"","ocean_breadcrumbs_links_hover_color":"","ocean_display_footer_widgets":"default","ocean_display_footer_bottom":"default","ocean_custom_footer_template":"","footnotes":""},"class_list":["post-1161","page","type-page","status-publish","hentry","entry"],"_links":{"self":[{"href":"https:\/\/dreambistro.sk\/index.php?rest_route=\/wp\/v2\/pages\/1161","targetHints":{"allow":["GET"]}}],"collection":[{"href":"https:\/\/dreambistro.sk\/index.php?rest_route=\/wp\/v2\/pages"}],"about":[{"href":"https:\/\/dreambistro.sk\/index.php?rest_route=\/wp\/v2\/types\/page"}],"author":[{"embeddable":true,"href":"https:\/\/dreambistro.sk\/index.php?rest_route=\/wp\/v2\/users\/1"}],"replies":[{"embeddable":true,"href":"https:\/\/dreambistro.sk\/index.php?rest_route=%2Fwp%2Fv2%2Fcomments&post=1161"}],"version-history":[{"count":6,"href":"https:\/\/dreambistro.sk\/index.php?rest_route=\/wp\/v2\/pages\/1161\/revisions"}],"predecessor-version":[{"id":1536,"href":"https:\/\/dreambistro.sk\/index.php?rest_route=\/wp\/v2\/pages\/1161\/revisions\/1536"}],"wp:attachment":[{"href":"https:\/\/dreambistro.sk\/index.php?rest_route=%2Fwp%2Fv2%2Fmedia&parent=1161"}],"curies":[{"name":"wp","href":"https:\/\/api.w.org\/{rel}","templated":true}]}}